{"id":11,"date":"2022-02-02T19:49:10","date_gmt":"2022-02-02T19:49:10","guid":{"rendered":"https:\/\/metallbau-frenz.de\/?page_id=11"},"modified":"2022-02-11T13:03:01","modified_gmt":"2022-02-11T13:03:01","slug":"ueber-uns","status":"publish","type":"page","link":"https:\/\/metallbau-frenz.de\/?page_id=11","title":{"rendered":"\u00dcber uns"},"content":{"rendered":"\n<p>Als Fachbetrieb mit mehr als 15 Jahren Erfahrung sind wir Ihr kompetenter Ansprechpartner, wenn es um Schlossarbeiten jeder Art geht! So bieten wir Ihnen individuellen Service im gesamten Spektrum der Metallverarbeitung im Leichtmetall- und Schlosserhandwerk.\u00a0<\/p>\n\n\n\n<p>H\u00f6chste Pr\u00e4zision und Gewissenhaftigkeit sind bei unserer Arbeit ma\u00dfgebende Grunds\u00e4tze, die wir stets einhalten! Als Meisterbetrieb k\u00f6nnen Sie sich auf unser Wissen und unser handwerkliches Geschick verlassen!<\/p>\n","protected":false},"excerpt":{"rendered":"<p>Als Fachbetrieb mit mehr als 15 Jahren Erfahrung sind wir Ihr kompetenter Ansprechpartner, wenn es um Schlossarbeiten jeder Art geht! So bieten wir Ihnen individuellen Service im gesamten Spektrum der Metallverarbeitung im Leichtmetall- und Schlosserhandwerk.\u00a0 H\u00f6chste Pr\u00e4zision und Gewissenhaftigkeit sind bei unserer Arbeit ma\u00dfgebende Grunds\u00e4tze, die wir stets einhalten! Als Meisterbetrieb k\u00f6nnen Sie sich auf &hellip; <\/p>\n<p class=\"link-more\"><a href=\"https:\/\/metallbau-frenz.de\/?page_id=11\" class=\"more-link\"><span class=\"screen-reader-text\">\u201e\u00dcber uns\u201c <\/span>weiterlesen<\/a><\/p>\n","protected":false},"author":1,"featured_media":0,"parent":0,"menu_order":0,"comment_status":"closed","ping_status":"closed","template":"","meta":{"footnotes":""},"class_list":["post-11","page","type-page","status-publish","hentry"],"_links":{"self":[{"href":"https:\/\/metallbau-frenz.de\/index.php?rest_route=\/wp\/v2\/pages\/11","targetHints":{"allow":["GET"]}}],"collection":[{"href":"https:\/\/metallbau-frenz.de\/index.php?rest_route=\/wp\/v2\/pages"}],"about":[{"href":"https:\/\/metallbau-frenz.de\/index.php?rest_route=\/wp\/v2\/types\/page"}],"author":[{"embeddable":true,"href":"https:\/\/metallbau-frenz.de\/index.php?rest_route=\/wp\/v2\/users\/1"}],"replies":[{"embeddable":true,"href":"https:\/\/metallbau-frenz.de\/index.php?rest_route=%2Fwp%2Fv2%2Fcomments&post=11"}],"version-history":[{"count":2,"href":"https:\/\/metallbau-frenz.de\/index.php?rest_route=\/wp\/v2\/pages\/11\/revisions"}],"predecessor-version":[{"id":592,"href":"https:\/\/metallbau-frenz.de\/index.php?rest_route=\/wp\/v2\/pages\/11\/revisions\/592"}],"wp:attachment":[{"href":"https:\/\/metallbau-frenz.de\/index.php?rest_route=%2Fwp%2Fv2%2Fmedia&parent=11"}],"curies":[{"name":"wp","href":"https:\/\/api.w.org\/{rel}","templated":true}]}}